{"id":68,"date":"2023-12-25T14:32:43","date_gmt":"2023-12-25T14:32:43","guid":{"rendered":"https:\/\/lerch-art.ch\/artblog\/?page_id=68"},"modified":"2023-12-28T13:56:25","modified_gmt":"2023-12-28T13:56:25","slug":"biografie-von-john-lerchinsky","status":"publish","type":"page","link":"https:\/\/lerch-art.ch\/artblog\/biografie-von-john-lerchinsky\/","title":{"rendered":"Biografie von John Lerchinsky"},"content":{"rendered":"\n<p>Geboren in <a href=\"https:\/\/de.wikipedia.org\/wiki\/Wipkingen\">Z\u00fcrich<\/a> im September 1964 als Hans Werner Lerch, aufgewachsen in <a href=\"https:\/\/de.wikipedia.org\/wiki\/Z%C3%BCrich\">Z\u00fcrich<\/a>,&nbsp;<a href=\"https:\/\/www.oberentfelden.ch\/\">Oberentfelden<\/a>, Sielmingen&nbsp;(<a href=\"https:\/\/de.wikipedia.org\/wiki\/Filderstadt\">Filderstadt<\/a>,&nbsp;Landkreis&nbsp;Esslingen, Baden-W\u00fcrttemberg)&nbsp;und <a href=\"http:\/\/www.hirschthal.ch\">Hirschthal<\/a>. Schulen in Oberentfelden, <a href=\"http:\/\/www.schulekoelliken.ch\">K\u00f6lliken<\/a>, <a href=\"http:\/\/www.sch.ch\/\">Sch\u00f6ftland<\/a> und <a href=\"https:\/\/www.bs-aarau.ch\/\">Aarau<\/a>. Ausbildung in Aarau. T\u00e4tigkeit in der Industrie und Dienstleistungsbranche in unterschiedlichen Funktionen als Projektleiter, Systems-Engineer und Manager. Erst ab 2019, nach l\u00e4ngerem Unterbruch wieder als K\u00fcnstler t\u00e4tig.&nbsp;<\/p>\n\n\n\n<p>Meine Familie ist w\u00e4hrend der Wirren des dreissigj\u00e4hrigen Krieges (1618-1648) vom Allg\u00e4u in die Schweiz eingewandert. Ich habe also deutschen Migrationshintergrund. Meine Vorfahren waren Freskenmaler, die im Allg\u00e4u die Kirchen schm\u00fcckten. Somit habe ich die Kunst ganz tief in der Biografie.<\/p>\n\n\n\n<figure data-wp-context=\"{&quot;imageId&quot;:&quot;69e75f44afc15&quot;}\" data-wp-interactive=\"core\/image\" data-wp-key=\"69e75f44afc15\" class=\"wp-block-image size-medium wp-lightbox-container\"><img loading=\"lazy\" decoding=\"async\" width=\"300\" height=\"225\" data-wp-class--hide=\"state.isContentHidden\" data-wp-class--show=\"state.isContentVisible\" data-wp-init=\"callbacks.setButtonStyles\" data-wp-on--click=\"actions.showLightbox\" data-wp-on--load=\"callbacks.setButtonStyles\" data-wp-on-window--resize=\"callbacks.setButtonStyles\" src=\"https:\/\/lerch-art.ch\/artblog\/wp-content\/uploads\/2023\/12\/john_lerchinsky-2-300x225.jpg\" alt=\"\" class=\"wp-image-56\" srcset=\"https:\/\/lerch-art.ch\/artblog\/wp-content\/uploads\/2023\/12\/john_lerchinsky-2-300x225.jpg 300w, https:\/\/lerch-art.ch\/artblog\/wp-content\/uploads\/2023\/12\/john_lerchinsky-2-1024x768.jpg 1024w, https:\/\/lerch-art.ch\/artblog\/wp-content\/uploads\/2023\/12\/john_lerchinsky-2-768x576.jpg 768w, https:\/\/lerch-art.ch\/artblog\/wp-content\/uploads\/2023\/12\/john_lerchinsky-2-1536x1152.jpg 1536w, https:\/\/lerch-art.ch\/artblog\/wp-content\/uploads\/2023\/12\/john_lerchinsky-2-2048x1536.jpg 2048w\" sizes=\"auto, (max-width: 300px) 100vw, 300px\" \/><button\n\t\t\tclass=\"lightbox-trigger\"\n\t\t\ttype=\"button\"\n\t\t\taria-haspopup=\"dialog\"\n\t\t\taria-label=\"Vergr\u00f6\u00dfern\"\n\t\t\tdata-wp-init=\"callbacks.initTriggerButton\"\n\t\t\tdata-wp-on--click=\"actions.showLightbox\"\n\t\t\tdata-wp-style--right=\"state.imageButtonRight\"\n\t\t\tdata-wp-style--top=\"state.imageButtonTop\"\n\t\t>\n\t\t\t<svg xmlns=\"http:\/\/www.w3.org\/2000\/svg\" width=\"12\" height=\"12\" fill=\"none\" viewBox=\"0 0 12 12\">\n\t\t\t\t<path fill=\"#fff\" d=\"M2 0a2 2 0 0 0-2 2v2h1.5V2a.5.5 0 0 1 .5-.5h2V0H2Zm2 10.5H2a.5.5 0 0 1-.5-.5V8H0v2a2 2 0 0 0 2 2h2v-1.5ZM8 12v-1.5h2a.5.5 0 0 0 .5-.5V8H12v2a2 2 0 0 1-2 2H8Zm2-12a2 2 0 0 1 2 2v2h-1.5V2a.5.5 0 0 0-.5-.5H8V0h2Z\" \/>\n\t\t\t<\/svg>\n\t\t<\/button><\/figure>\n\n\n\n<p>Wichtige Stationen und Einfl\u00fcsse f\u00fcr die (k\u00fcnstlerische) Entwicklung:<\/p>\n\n\n\n<p>&#8211; <a href=\"https:\/\/www.facebook.com\/katharina.brunner.104\">Katharina Urech<\/a>, Lehrerin<\/p>\n\n\n\n<p>&#8211; <a href=\"http:\/\/www.schaer-art.ch\/\">Daniel Sch\u00e4r<\/a> als k\u00fcnstlerisches Vorbild in der Jungendzeit in Oberentfelden, zudem auch mein erster&nbsp;Gitarrenlehrer.<\/p>\n\n\n\n<p>&#8211; Andr\u00e9 Hofmann, Zeichnungslehrer<\/p>\n\n\n\n<p>&#8211; Kurt Br\u00fcnisholz, Zeichnungslehrer an der Gewerbeschule, insbesondere im Bereich des perspektivisch korrekten Zeichnens und der Geometrie<\/p>\n\n\n\n<p>In den 1980-er Jahren k\u00fcnstlerischer Fokus auf Musik, insbesondere als Gitarrist und Bassist in lokalen Bands. Danach spezialisierung im Bereich Musikproduktion als Live Sound Engineer, Tontechniker bei Aufnahmen und Produzent.<\/p>\n\n\n\n<p>In der Zeit als Schulungsleiter f\u00fcr Zeichnungsprogramme (CAD) war die \u00c4sthetik von Pl\u00e4nen immer auch ein Teil des vermittelten Know-Hows. Diagramme die einer gewissen \u00c4sthetik gen\u00fcgen sind einfach besser lesbar und verst\u00e4ndlicher.<\/p>\n\n\n\n<p>Auch als Quality-Manager und Prozess-Spezialist haben diese \u00e4sthetischen Anforderungen an ISO Dokumente und BPMN 2.0 Abl\u00e4ufe weiterhin&nbsp;genau so mit einen Einfluss gehabt, wie auch beim Zeichnen von Informatik-Netzwerkpl\u00e4nen. Somit war die k\u00fcnstlerische Ader nie ganz brach gelegen, da all diese Erzeugnisse eben auch kleine Kunstwerke sein konnten.<\/p>\n\n\n\n<p>Auch wenn ich mich wenige an anderen Kunstschaffenden orientiere, haben diverse weitere Einfl\u00fcsse, insbesondere die Arbeiten der ganz grossen K\u00fcnstler wie William Turner, Marc Chagell, Vincent Van Gogh oder Paul C\u00e9zanne aber auch Edward Hopper grossen Einfluss auf das Verst\u00e4ndnis der k\u00fcnstlerischen Arbeit.<\/p>\n\n\n\n<p>Heute kann ich gl\u00fccklicherweise einige Zeit f\u00fcr die Malerei, das Zeichnen, plastische Geschtaltung und Drucke aufwenden. Dies erlaubt mir eine grosse Produktivit\u00e4t, insbesondere im Bereich der Aquarelle.<\/p>\n\n\n\n<p>Und nat\u00fcrlich hat auch die \u00f6rtlich N\u00e4he zur Firma <a href=\"http:\/\/www.boesner.ch\">B\u00f6sner<\/a> in Unterentfelden Einfluss darauf, da ich so immer auch kurzfristig Zugang zu allen ben\u00f6tigten Materialien habe.<\/p>\n","protected":false},"excerpt":{"rendered":"<p>Geboren in Z\u00fcrich im September 1964 als Hans Werner Lerch, aufgewachsen in Z\u00fcrich,&nbsp;Oberentfelden, Sielmingen&nbsp;(Filderstadt,&nbsp;Landkreis&nbsp;Esslingen, Baden-W\u00fcrttemberg)&nbsp;und Hirschthal. Schulen in Oberentfelden, K\u00f6lliken, Sch\u00f6ftland und Aarau. Ausbildung in Aarau. T\u00e4tigkeit in der Industrie und Dienstleistungsbranche in unterschiedlichen Funktionen als Projektleiter, Systems-Engineer und Manager. Erst ab 2019, nach l\u00e4ngerem Unterbruch wieder als K\u00fcnstler t\u00e4tig.&nbsp; Meine Familie ist w\u00e4hrend der &#8230; <a title=\"Biografie von John Lerchinsky\" class=\"read-more\" href=\"https:\/\/lerch-art.ch\/artblog\/biografie-von-john-lerchinsky\/\" aria-label=\"Mehr Informationen \u00fcber Biografie von John Lerchinsky\">Weiterlesen<\/a><\/p>\n","protected":false},"author":2,"featured_media":0,"parent":0,"menu_order":0,"comment_status":"closed","ping_status":"closed","template":"","meta":{"footnotes":""},"class_list":["post-68","page","type-page","status-publish"],"_links":{"self":[{"href":"https:\/\/lerch-art.ch\/artblog\/wp-json\/wp\/v2\/pages\/68","targetHints":{"allow":["GET"]}}],"collection":[{"href":"https:\/\/lerch-art.ch\/artblog\/wp-json\/wp\/v2\/pages"}],"about":[{"href":"https:\/\/lerch-art.ch\/artblog\/wp-json\/wp\/v2\/types\/page"}],"author":[{"embeddable":true,"href":"https:\/\/lerch-art.ch\/artblog\/wp-json\/wp\/v2\/users\/2"}],"replies":[{"embeddable":true,"href":"https:\/\/lerch-art.ch\/artblog\/wp-json\/wp\/v2\/comments?post=68"}],"version-history":[{"count":2,"href":"https:\/\/lerch-art.ch\/artblog\/wp-json\/wp\/v2\/pages\/68\/revisions"}],"predecessor-version":[{"id":412,"href":"https:\/\/lerch-art.ch\/artblog\/wp-json\/wp\/v2\/pages\/68\/revisions\/412"}],"wp:attachment":[{"href":"https:\/\/lerch-art.ch\/artblog\/wp-json\/wp\/v2\/media?parent=68"}],"curies":[{"name":"wp","href":"https:\/\/api.w.org\/{rel}","templated":true}]}}